{"id":1960,"date":"2023-02-28T16:27:26","date_gmt":"2023-02-28T16:27:26","guid":{"rendered":"http:\/\/passaportelisboa.com\/?page_id=1960"},"modified":"2025-07-03T17:00:34","modified_gmt":"2025-07-03T17:00:34","slug":"regulation","status":"publish","type":"page","link":"https:\/\/passaportelisboa.com\/en\/regulation\/","title":{"rendered":"Regulation"},"content":{"rendered":"<div data-elementor-type=\"wp-page\" data-elementor-id=\"1960\" class=\"elementor elementor-1960\">\n\t\t\t\t\t\t<section data-custom-animations=\"true\" data-ca-options=\"{&quot;addChildTimelines&quot;:false,&quot;animationTarget&quot;:&quot;:scope &gt; .elementor-container &gt; .elementor-column&quot;,&quot;ease&quot;:[&quot;power4.out&quot;],&quot;initValues&quot;:{&quot;y&quot;:&quot;40px&quot;,&quot;opacity&quot;:0},&quot;animations&quot;:{&quot;y&quot;:&quot;0px&quot;,&quot;opacity&quot;:1}}\" class=\"elementor-section elementor-top-section elementor-element elementor-element-58deec7 elementor-section-height-min-height elementor-section-content-middle elementor-section-boxed elementor-section-height-default elementor-section-items-middle\" data-id=\"58deec7\" data-element_type=\"section\" id=\"#webinar\" data-settings=\"{&quot;background_background&quot;:&quot;classic&quot;}\">\n\t\t\t\t\t\t<div class=\"elementor-container elementor-column-gap-extended\">\n\t\t\t\t\t<div class=\"elementor-column elementor-col-100 elementor-top-column elementor-element elementor-element-7294efc\" data-id=\"7294efc\" data-element_type=\"column\">\n\t\t\t<div class=\"elementor-widget-wrap elementor-element-populated\">\n\t\t\t\t\t\t<div class=\"elementor-element elementor-element-777ad26 elementor-widget elementor-widget-hub_fancy_heading\" data-id=\"777ad26\" data-element_type=\"widget\" data-widget_type=\"hub_fancy_heading.default\">\n\t\t\t\t<div class=\"elementor-widget-container\">\n\t\t\t\n\t\t<div id=\"ld-fancy-heading-69dce265a735d\" class=\"ld-fancy-heading pos-rel\">\n\t\t\t<h1 class=\"ld-fh-element d-inline-block pos-rel  elementor-heading-title lqd-highlight-classic lqd-highlight-grow-left h1\"  > Regulation<\/h1>\t\t<\/div>\n\n\t\t\t\t<\/div>\n\t\t\t\t<\/div>\n\t\t\t\t\t<\/div>\n\t\t<\/div>\n\t\t\t\t\t<\/div>\n\t\t<\/section>\n\t\t<div class=\"elementor-element elementor-element-5436d46 e-flex e-con-boxed e-con e-parent\" data-id=\"5436d46\" data-element_type=\"container\">\n\t\t\t\t\t<div class=\"e-con-inner\">\n\t\t<div class=\"elementor-element elementor-element-6aa3945 e-con-full e-flex e-con e-child\" data-id=\"6aa3945\" data-element_type=\"container\">\n\t\t\t\t<div class=\"elementor-element elementor-element-75d4409 elementor-widget elementor-widget-hub_fancy_heading\" data-id=\"75d4409\" data-element_type=\"widget\" data-widget_type=\"hub_fancy_heading.default\">\n\t\t\t\t<div class=\"elementor-widget-container\">\n\t\t\t\n\t\t<div id=\"ld-fancy-heading-69dce265ab345\" class=\"ld-fancy-heading pos-rel\">\n\t\t\t<h4 class=\"ld-fh-element d-inline-block pos-rel  elementor-heading-title lqd-highlight-classic lqd-highlight-grow-left h4\"  > Regulamento da 10\u00aa Edi\u00e7\u00e3o do Programa PASSAPORTE<\/h4>\t\t<\/div>\n\n\t\t\t\t<\/div>\n\t\t\t\t<\/div>\n\t\t\t\t<div class=\"elementor-element elementor-element-b9b789e elementor-widget elementor-widget-text-editor\" data-id=\"b9b789e\" data-element_type=\"widget\" data-widget_type=\"text-editor.default\">\n\t\t\t\t<div class=\"elementor-widget-container\">\n\t\t\t\t\t\t\t<p><b>Regulamento da 10\u00aa Edi\u00e7\u00e3o do Programa PASSAPORTE<\/b><\/p><ol><li style=\"font-weight: 400;\" aria-level=\"1\"><span style=\"font-weight: 400;\">A 10\u00aa Edi\u00e7\u00e3o do Passaporte decorre entre os dias 6 e 8 de novembro de 2025, em Lisboa, Portugal.<\/span><\/li><li style=\"font-weight: 400;\" aria-level=\"1\" class=\" translation-block\"><span style=\"font-weight: 400\"> Passaporte is a project that promotes the internationalization of portuguese actors, introducing them to recognised casting directors internationally <\/span><\/li><li style=\"font-weight: 400;\" aria-level=\"1\"><span style=\"font-weight: 400;\">Podem candidatar-se ao Passa<\/span><span style=\"font-weight: 400;\">porte, actores de nacionalidade Portuguesa, maiores, que dominem a l\u00edngua inglesa e<\/span><span style=\"font-weight: 400;\"> que sejam ou se fa\u00e7am membros da Academia Portuguesa de Cinema*.\u00a0<\/span><\/li><li style=\"font-weight: 400;\" aria-level=\"1\"><span style=\"font-weight: 400;\">A candidatura e participa\u00e7\u00e3o no Programa Passaporte \u00e9 totalmente gratuita, sendo a 10\u00aa edi\u00e7\u00e3o financiada pelo Minist\u00e9rio da Cultura da Rep\u00fablica Portuguesa, pelo Munic\u00edpio de Lisboa, pela Funda\u00e7\u00e3o GDA, <\/span><span style=\"font-weight: 400;\">com o apoio da Academia Portuguesa de Cinema e<\/span> <span style=\"font-weight: 400;\">outros parceiros locais.<\/span><\/li><li style=\"font-weight: 400;\" aria-level=\"1\"><span style=\"font-weight: 400;\">Os actores seleccionados nas edi\u00e7\u00f5es anteriores, poder\u00e3o<\/span> <span style=\"font-weight: 400;\">participar nas actividades das edi\u00e7\u00f5es seguintes na condi\u00e7\u00e3o de terem o seu material actualizado at\u00e9 aos 2 meses que antecedem o evento (CV, foto, videos), n\u00e3o sendo admitido material com mais de 2 anos.\u00a0\u00a0<\/span><\/li><li style=\"font-weight: 400;\" aria-level=\"1\"><span style=\"font-weight: 400;\">O n\u00famero de candidaturas \u00e9 ilimitado.<\/span><\/li><li style=\"font-weight: 400;\" aria-level=\"1\"><span style=\"font-weight: 400;\">As candidaturas est\u00e3o abertas entre os dias 12 de junho de 2025, a partir das 9h00 ei3 de julho de 2025, at\u00e9 \u00e0s 18h00 sendo a submiss\u00e3o exclusivamente por via online, atrav\u00e9s do formul\u00e1rio dispon\u00edvel no site <\/span><a href=\"https:\/\/passaportelisboa.com\/en\/\"><span style=\"font-weight: 400;\">www.passaportelisboa.com<\/span><\/a><\/li><li style=\"font-weight: 400;\" aria-level=\"1\"><span style=\"font-weight: 400;\">The application form must be filled in english, and attached the following mandatory elements:<\/span><ol><li style=\"font-weight: 400;\" aria-level=\"1\"><span style=\"font-weight: 400;\">N\u00famero de membro Academia Portuguesa de Cinema.**<\/span><\/li><li style=\"font-weight: 400;\" aria-level=\"1\"><span style=\"font-weight: 400;\">CV (Curriculum Vitae) na l\u00edngua Inglesa, em PDF, tamanho m\u00e1ximo 5MB;<\/span><\/li><li style=\"font-weight: 400;\" aria-level=\"1\"><span style=\"font-weight: 400;\">Uma Fotografia, em JPEG ou PNG, tamanho m\u00e1ximo 5MB;<\/span><\/li><li style=\"font-weight: 400;\" aria-level=\"1\"><span style=\"font-weight: 400;\">Uma <\/span><i><span style=\"font-weight: 400;\">Self-tape<\/span><\/i><span style=\"font-weight: 400;\"> do texto fornecido pela organiza\u00e7\u00e3o (dispon\u00edvel <\/span><a href=\"https:\/\/drive.google.com\/drive\/folders\/1kYfhd2uLBE8PGrsFjw3IJPs0swDykmUq?usp=share_link\"><span style=\"font-weight: 400;\">Here<\/span><\/a><span style=\"font-weight: 400;\"> a partir de dia 9 de Junho), na l\u00edngua Inglesa; a <\/span><i><span style=\"font-weight: 400;\">Self-tape<\/span><\/i><span style=\"font-weight: 400;\"> must be available until the end of the event, accessible online - vimeo, youtube or similar.<\/span><\/li><li style=\"font-weight: 400;\" aria-level=\"1\"><span style=\"font-weight: 400;\">Um v\u00eddeo de apresenta\u00e7\u00e3o, na l\u00edngua Inglesa, com a dura\u00e7\u00e3o m\u00e1xima de 1 minuto; o v\u00eddeo deve ficar dispon\u00edvel at\u00e9 ao final da Edi\u00e7\u00e3o, acess\u00edvel em plataforma online Vimeo, Youtube ou similar;<\/span><\/li><li style=\"font-weight: 400;\" aria-level=\"1\"><span style=\"font-weight: 400;\">Ap\u00f3s a submiss\u00e3o do formul\u00e1rio enviar email \u00e0 organiza\u00e7\u00e3o &#8211; <\/span><a href=\"mailto:candidaturas@passaportelisboa.com\"><span style=\"font-weight: 400;\">candidaturas@passaportelisboa.com<\/span><\/a><span style=\"font-weight: 400;\"> &#8211; a confirmar a respectiva submiss\u00e3o;<\/span><\/li><li style=\"font-weight: 400;\" aria-level=\"1\"><span style=\"font-weight: 400;\">Aguardar email de resposta e confirma\u00e7\u00e3o de que a candidatura foi bem recebida e est\u00e1 conclu\u00edda.\u00a0<\/span><\/li><li style=\"font-weight: 400;\" aria-level=\"1\"><span style=\"font-weight: 400;\">Optionally, the candidate can also submit a <\/span><i><span style=\"font-weight: 400;\">Showreel<\/span><\/i><span style=\"font-weight: 400;\"> , subtitled in english when the spoken language is not english, max. 5 minutes; \u200bthe video must be available until the end of the event, accessible online - vimeo, youtube or similar.<\/span><\/li><\/ol><\/li><\/ol><ol start=\"9\"><li><span style=\"font-weight: 400;\"> Ser\u00e3o desconsiderados todos os candidatos que apresentem as suas respectivas participa\u00e7\u00f5es fora do prazo estabelecido e\/ou que n\u00e3o re\u00fanam as condi\u00e7\u00f5es necess\u00e1rias de participa\u00e7\u00e3o previstas no presente regulamento.<\/span><\/li><li><span style=\"font-size: 16px;\">A decis\u00e3o da organiza\u00e7\u00e3o em excluir alguma participa\u00e7\u00e3o \u00e9 irrecorr\u00edvel.<\/span><\/li><li><span style=\"font-size: 16px;\">The applications will be evaluated by the jury of Passaporte in two stages:\u00a0<\/span><ul><li><span style=\"font-size: 16px;\">Numa primeira fase, ser\u00e3o avaliados pelo J\u00fari, os elementos obrigat\u00f3rios \/ opcional mencionados no ponto 8. Os candidatos n\u00e3o selecionados ser\u00e3o informados pela organiza\u00e7\u00e3o por email.<\/span><\/li><li><span style=\"font-weight: 400;\">Os selecionados para a segunda fase ter\u00e3o de gravar uma segunda <\/span><i><span style=\"font-weight: 400;\">Self-tape<\/span><\/i><span style=\"font-weight: 400;\">, em ingl\u00eas, \u00e0 sua escolha, no prazo que ser\u00e1 indicado pela organiza\u00e7\u00e3o.<\/span><\/li><\/ul><\/li><\/ol><ol start=\"12\"><li><span style=\"font-weight: 400;\"> All the Jury\u2019s decisions are supreme and unappealable.<\/span><\/li><li><span style=\"font-weight: 400;\"> Any call for information regarding the applications must be sent to the organization, who is exclusively responsible to clarify and sort out. \u200b<\/span><\/li><li><span style=\"font-weight: 400;\"> Os actores selecionados para a 10\u00aa Edi\u00e7\u00e3o do Passaporte ser\u00e3o notificados por email at\u00e9 ao final do m\u00eas de Julho.<\/span><\/li><li><span style=\"font-weight: 400;\"> Os actores seleccionados ter\u00e3o de reconfirmar por email, de imediato, a sua disponibilidade total de participa\u00e7\u00e3o no Passaporte, que decorre entre os dias 6 e 8 de novembro, em Lisboa.<\/span><\/li><li><span style=\"font-weight: 400;\">Se, por algum motivo, o participante n\u00e3o assegurar uma disponibilidade total de participa\u00e7\u00e3o nesta edi\u00e7\u00e3o do Passaporte, esta fica suspensa e transita para uma edi\u00e7\u00e3o futura em que tenha a disponibilidade total.<\/span><\/li><li><span style=\"font-weight: 400;\">No Passaporte, os participantes ter\u00e3o obrigatoriamente de participar nas seguintes actividades: entrevistas de 10 minutos com os casting directors convidados, showcase, workshops e restante programa\u00e7\u00e3o a anunciar pela organiza\u00e7\u00e3o.<\/span><\/li><\/ol><p><span style=\"color: #ff6600;\"><span style=\"font-weight: 400;\">*<\/span><b>Nota<\/b><span style=\"font-weight: 400;\">: s\u00f3 ser\u00e3o consideradas candidaturas de membros com as quotas regularizadas (inclusive o ano 2025). Para ser membro da Academia Portuguesa de Cinema, dever\u00e1 fazer o pedido de inscri\u00e7\u00e3o atrav\u00e9s do link <\/span><a style=\"color: #ff6600;\" href=\"https:\/\/www.academiadecinema.pt\/academia\/proponha-se\/\"><span style=\"font-weight: 400;\">https:\/\/www.academiadecinema.pt\/academia\/proponha-se\/<\/span><\/a><span style=\"font-weight: 400;\"> e, sendo aceite, pressup\u00f5e o pagamento de uma quota anual, cujo valor depende da designa\u00e7\u00e3o que lhe for atribu\u00edda consoante o seu curr\u00edculo profissional. A regulariza\u00e7\u00e3o de quotas ou entrada de novos membros implica sempre alguns dias de processamento.<\/span><\/span><\/p><p><span style=\"color: #ff6600;\"><span style=\"font-weight: 400;\">**<\/span><span style=\"font-weight: 400;\">qualquer quest\u00e3o sobre n\u00famero de membro, inscri\u00e7\u00e3o ou regulariza\u00e7\u00e3o de quotas da Academia portuguesa\u00a0 de cinema deve ser dirigida a <\/span><a style=\"color: #ff6600;\" href=\"mailto:secretariado@academiadecinema.pt\"><span style=\"font-weight: 400;\">secretariado@academiadecinema.pt<\/span><\/a><\/span><\/p><p>\u00a0<\/p><p><b>Direitos de imagem e prote\u00e7\u00e3o de dados<\/b><span style=\"font-weight: 400;\">:<\/span><\/p><ol start=\"18\"><li><span style=\"font-weight: 400;\"> Image rights clearance:<\/span><span style=\"font-weight: 400;\"><br \/><\/span><span style=\"font-weight: 400;\">a) With the acceptance of the selection, the actors accept and explicitly authorize the orgaization APFACT - Assoia\u00e7\u00e3o Portuguesa de Forma\u00e7\u00e3o de Actores para Cinema e Televis\u00e3o, to use their name, image and\/or voice, still or on the move, for instance in photographs and\/or reels, captured from the organization or for whom it assignes and all that are delivered by the candidate itself, with commercial, informative and\/or advertising purposes,   related exclusively with the Program, in any type of material, documents and other communications means, destined to internal use and\/or promotion, which may include all social networks, independently of the platform, among others, broadcast advertising in print and\/or on television and the internet, which may include, among others, promotion and marketing, on the internet, including websites and social networks, directly or through third parties, provided that the use of name, voice and image is for the exclusive purpose of promoting the Passporte Program.<\/span><span style=\"font-weight: 400;\"><br \/><\/span><span style=\"font-weight: 400;\">b) The actors also agree that their name, voice and image can be reproduced and used in any physical and\/or digital support (known or to come), as well as be combined with other images (still or moving), texts or graphics, as well as undergo changes or modifications.<\/span><span style=\"font-weight: 400;\"><br \/><\/span><span style=\"font-weight: 400;\">c) This authorization binds the heirs of the selected actors and their representatives, and is worldwide in nature.<\/span><span style=\"font-weight: 400;\"><br \/><\/span><span style=\"font-weight: 400;\">d) Os actores declaram concordar com o facto de n\u00e3o apresentarem direitos sobre o uso do nome, voz e imagem obtidas e utilizadas no \u00e2mbito do presente Programa, nomeadamente direito a qualquer contrapartida econ\u00f3mica pela sua utiliza\u00e7\u00e3o e, que todos os direitos emergentes do uso daquelas pertencem \u00e0 organiza\u00e7\u00e3o.<\/span><\/li><li><span style=\"font-weight: 400;\"> The organization is not responsible for computer errors or the unavailability of computer systems and solutions.<\/span><\/li><\/ol><p><span style=\"font-weight: 400;\">20.Aviso de prote\u00e7\u00e3o de dados pessoais:<\/span><span style=\"font-weight: 400;\"><br \/><\/span><span style=\"font-weight: 400;\">a) A organiza\u00e7\u00e3o, com sede na Rua Rio C\u00e1vado, n\u00ba3, Freguesia de Carnide, Concelho de Lisboa, e NIPC 506552918 \u00e9 a entidade respons\u00e1vel pelo tratamento de dados no \u00e2mbito da 10.\u00aa Edi\u00e7\u00e3o do Programa Passaporte.<\/span><span style=\"font-weight: 400;\"><br \/><\/span><span style=\"font-weight: 400;\">b) Your membership number of the Portuguese Film Academy will be processed for the purpose of confirming with the Portuguese Film Academy the validity of the applicant's membership number and the condition of having the respective membership fees up to date, based on the legitimate interests of the organization in confirming whether the applicant meets the requirement of being a member or friend of the Portuguese Film Academy, in order to pre-validate your application.<\/span><span style=\"font-weight: 400;\"><br \/><\/span><span style=\"font-weight: 400;\">c) The personal data collected through the submission of the application form or through the retrieval of an application will be processed by the organization for the following purposes: submission and pre-validation of the applications; analysis\/evaluation of the applications by the Jury; management of the relationship and communication with the candidates; if the candidate is selected and after his\/her availability is confirmed, his\/her data will be shared with the <\/span><i><span style=\"font-weight: 400;\">casting directors<\/span><\/i><span style=\"font-weight: 400;\"> with whom they will conduct interviews, and will also be processed in connection with the candidate's participation in the events promoted by the organization in which he\/she participates (such as <\/span><i><span style=\"font-weight: 400;\">showcase<\/span><\/i><span style=\"font-weight: 400;\">, nos workshops, palestras). Estas finalidades ser\u00e3o prosseguidas com fundamento na execu\u00e7\u00e3o do contrato com o candidato, nomeadamente, do Regulamento da 10.\u00aa Edi\u00e7\u00e3o do Programa Passaporte.<\/span><span style=\"font-weight: 400;\"><br \/><\/span><span style=\"font-weight: 400;\">d) The applicant's personal data may be shared by the organization to its service providers who provide services to it in the course of pursuing the described purposes (such as IT support, database hosting).<\/span><span style=\"font-weight: 400;\"><br \/><\/span><span style=\"font-weight: 400;\">e) The personal data of the application form marked with * are mandatory in order to submit your application, so without them you will not be able to do so.<\/span><span style=\"font-weight: 400;\"><br \/><\/span><span style=\"font-weight: 400;\">f) We inform you that the personal data collected as part of the application will be kept for the time deemed necessary for the purposes indicated, without prejudice to the need to keep it for a longer period due to the need to comply with legal obligations.<\/span><span style=\"font-weight: 400;\"><br \/><\/span><span style=\"font-weight: 400;\">g. You can exercise your rights under the law (access, rectification, erasure, limitation, limitation, opposition, portability) through written contact to the following e-mail (candidaturas.passaporte@academiadecinema.pt), without prejudice to the right to complain to the competent control authority (<\/span><a href=\"http:\/\/www.cnpd.pt\/\"><span style=\"font-weight: 400;\">www.cnpd.pt<\/span><\/a><span style=\"font-weight: 400;\">).<\/span><span style=\"font-weight: 400;\"><br \/><\/span><span style=\"font-weight: 400;\">h) Learn more about how your data will be treated by contacting us in writing through the e-mail info@passaportelisboa.com or through registered mail addressed to Rua Rio C\u00e1vado, n\u00ba3, 1600-702 Lisboa.<\/span><\/p><p>\u00a0<\/p><p><b>Lisboa, 06 de Junho 2025.<\/b><\/p>\t\t\t\t\t\t<\/div>\n\t\t\t\t<\/div>\n\t\t\t\t<div class=\"elementor-element elementor-element-49e79a7 elementor-align-center elementor-widget elementor-widget-ld_button\" data-id=\"49e79a7\" data-element_type=\"widget\" data-widget_type=\"ld_button.default\">\n\t\t\t\t<div class=\"elementor-widget-container\">\n\t\t\t\n\t\t\t<a\n\t\t\t\tclass=\"elementor-button btn btn-solid btn-xlg btn-block btn-icon-shaped btn-has-label\"\t\t\t>\n\t\t\t\t\t\t\t\t\t<span data-text=\"CANDIDATURAS FECHADAS\" class=\"btn-txt\">\n\t\t\t\t\t\tCANDIDATURAS FECHADAS\t\t\t\t\t<\/span>\n\t\t\t\t\t\t\t\t\t\t\t<\/a>\n\t\t\t\t\t<\/div>\n\t\t\t\t<\/div>\n\t\t\t\t<\/div>\n\t\t\t\t\t<\/div>\n\t\t\t\t<\/div>\n\t\t<div class=\"elementor-element elementor-element-52895679 e-flex e-con-boxed e-con e-parent\" data-id=\"52895679\" data-element_type=\"container\">\n\t\t\t\t\t<div class=\"e-con-inner\">\n\t\t<div class=\"elementor-element elementor-element-78768fa6 e-con-full e-flex e-con e-child\" data-id=\"78768fa6\" data-element_type=\"container\">\n\t\t<div class=\"elementor-element elementor-element-b6f081a e-con-full e-flex e-con e-child\" data-id=\"b6f081a\" data-element_type=\"container\" data-settings=\"{&quot;background_background&quot;:&quot;classic&quot;}\">\n\t\t<div class=\"elementor-element elementor-element-8531bb6 e-con-full e-flex e-con e-child\" data-id=\"8531bb6\" data-element_type=\"container\">\n\t\t\t\t<div class=\"elementor-element elementor-element-1c87d85 elementor-widget elementor-widget-hub_fancy_heading\" data-id=\"1c87d85\" data-element_type=\"widget\" data-widget_type=\"hub_fancy_heading.default\">\n\t\t\t\t<div class=\"elementor-widget-container\">\n\t\t\t\n\t\t<div id=\"ld-fancy-heading-69dce265af727\" class=\"ld-fancy-heading pos-rel\">\n\t\t\t<h2 class=\"ld-fh-element d-inline-block pos-rel  elementor-heading-title lqd-highlight-classic lqd-highlight-grow-left h2\"  > Veja as edi\u00e7\u00f5es anteriores do Passaporte<\/h2>\t\t<\/div>\n\n\t\t\t\t<\/div>\n\t\t\t\t<\/div>\n\t\t\t\t<div class=\"elementor-element elementor-element-a6cf127 elementor-widget elementor-widget-hub_fancy_heading\" data-id=\"a6cf127\" data-element_type=\"widget\" data-widget_type=\"hub_fancy_heading.default\">\n\t\t\t\t<div class=\"elementor-widget-container\">\n\t\t\t\n\t\t<div id=\"ld-fancy-heading-69dce265afd96\" class=\"ld-fancy-heading pos-rel\">\n\t\t\t<p class=\"ld-fh-element d-inline-block pos-rel  lqd-highlight-classic lqd-highlight-grow-left p\"  > Since 2016, Passaporte has directly led our actors to integrate into international productions.\n<\/p>\t\t<\/div>\n\n\t\t\t\t<\/div>\n\t\t\t\t<\/div>\n\t\t\t\t<\/div>\n\t\t<div class=\"elementor-element elementor-element-dca738c e-con-full e-flex e-con e-child\" data-id=\"dca738c\" data-element_type=\"container\">\n\t\t\t\t<div class=\"elementor-element elementor-element-14b88ed elementor-align-right elementor-mobile-align-center elementor-widget elementor-widget-ld_button\" data-id=\"14b88ed\" data-element_type=\"widget\" data-widget_type=\"ld_button.default\">\n\t\t\t\t<div class=\"elementor-widget-container\">\n\t\t\t\n\t\t\t<a\n\t\t\t\thref=\"\/en\/previous-editions\/\"class=\"elementor-button btn btn-solid btn-hover-txt-switch btn-hover-txt-switch-y btn-lg btn-icon-shaped btn-has-label\"\t\t\t>\n\t\t\t\t\t\t\t\t\t<span data-text=\"Ver edi\u00e7\u00f5es anteriores\" class=\"btn-txt\" data-transition-delay=\"true\" data-delay-options=\"{&quot;elements&quot;: &quot;.lqd-chars&quot;, &quot;delayType&quot;: &quot;animation&quot;, &quot;startDelay&quot;: 0, &quot;delayBetween&quot;: 32.5}\" data-split-text=\"true\" data-split-options=\"{&quot;type&quot;: &quot;chars, words&quot;}\">\n\t\t\t\t\t\tVer edi\u00e7\u00f5es anteriores\t\t\t\t\t<\/span>\n\t\t\t\t\t\t\t\t\t\t\t<\/a>\n\t\t\t\t\t<\/div>\n\t\t\t\t<\/div>\n\t\t\t\t<\/div>\n\t\t\t\t<\/div>\n\t\t\t\t<\/div>\n\t\t\t\t\t<\/div>\n\t\t\t\t<\/div>\n\t\t\t\t<\/div>","protected":false},"excerpt":{"rendered":"<p>Regulamento Regulamento da 10\u00aa Edi\u00e7\u00e3o do Programa PASSAPORTE Regulamento da 10\u00aa Edi\u00e7\u00e3o do Programa PASSAPORTE A 10\u00aa Edi\u00e7\u00e3o do Passaporte decorre entre os dias 6 e 8 de novembro de 2025, em Lisboa, Portugal. O Passaporte \u00e9 um projeto que promove a internacionaliza\u00e7\u00e3o de actores portugueses, dando-os a conhecer casting directors, reconhecidos internacionalmente. Podem candidatar-se [&hellip;]<\/p>","protected":false},"author":1,"featured_media":0,"parent":0,"menu_order":15,"comment_status":"closed","ping_status":"closed","template":"","meta":{"_acf_changed":false,"footnotes":""},"class_list":["post-1960","page","type-page","status-publish","hentry"],"acf":[],"_links":{"self":[{"href":"https:\/\/passaportelisboa.com\/en\/wp-json\/wp\/v2\/pages\/1960"}],"collection":[{"href":"https:\/\/passaportelisboa.com\/en\/wp-json\/wp\/v2\/pages"}],"about":[{"href":"https:\/\/passaportelisboa.com\/en\/wp-json\/wp\/v2\/types\/page"}],"author":[{"embeddable":true,"href":"https:\/\/passaportelisboa.com\/en\/wp-json\/wp\/v2\/users\/1"}],"replies":[{"embeddable":true,"href":"https:\/\/passaportelisboa.com\/en\/wp-json\/wp\/v2\/comments?post=1960"}],"version-history":[{"count":41,"href":"https:\/\/passaportelisboa.com\/en\/wp-json\/wp\/v2\/pages\/1960\/revisions"}],"predecessor-version":[{"id":8225,"href":"https:\/\/passaportelisboa.com\/en\/wp-json\/wp\/v2\/pages\/1960\/revisions\/8225"}],"wp:attachment":[{"href":"https:\/\/passaportelisboa.com\/en\/wp-json\/wp\/v2\/media?parent=1960"}],"curies":[{"name":"wp","href":"https:\/\/api.w.org\/{rel}","templated":true}]}}