{"id":1968,"date":"2023-02-28T16:42:24","date_gmt":"2023-02-28T16:42:24","guid":{"rendered":"http:\/\/passaportelisboa.com\/?page_id=1968"},"modified":"2025-06-03T14:29:00","modified_gmt":"2025-06-03T14:29:00","slug":"about","status":"publish","type":"page","link":"https:\/\/passaportelisboa.com\/en\/about\/","title":{"rendered":"About Us"},"content":{"rendered":"<div data-elementor-type=\"wp-page\" data-elementor-id=\"1968\" class=\"elementor elementor-1968\">\n\t\t\t\t\t\t<section data-custom-animations=\"true\" data-ca-options=\"{&quot;addChildTimelines&quot;:false,&quot;animationTarget&quot;:&quot;:scope &gt; .elementor-container &gt; .elementor-column&quot;,&quot;ease&quot;:[&quot;power4.out&quot;],&quot;initValues&quot;:{&quot;y&quot;:&quot;40px&quot;,&quot;opacity&quot;:0},&quot;animations&quot;:{&quot;y&quot;:&quot;0px&quot;,&quot;opacity&quot;:1}}\" class=\"elementor-section elementor-top-section elementor-element elementor-element-58deec7 elementor-section-height-min-height elementor-section-content-middle elementor-section-boxed elementor-section-height-default elementor-section-items-middle\" data-id=\"58deec7\" data-element_type=\"section\" id=\"#webinar\" data-settings=\"{&quot;background_background&quot;:&quot;classic&quot;}\">\n\t\t\t\t\t\t<div class=\"elementor-container elementor-column-gap-extended\">\n\t\t\t\t\t<div class=\"elementor-column elementor-col-100 elementor-top-column elementor-element elementor-element-7294efc\" data-id=\"7294efc\" data-element_type=\"column\">\n\t\t\t<div class=\"elementor-widget-wrap elementor-element-populated\">\n\t\t\t\t\t\t<div class=\"elementor-element elementor-element-777ad26 elementor-widget elementor-widget-hub_fancy_heading\" data-id=\"777ad26\" data-element_type=\"widget\" data-widget_type=\"hub_fancy_heading.default\">\n\t\t\t\t<div class=\"elementor-widget-container\">\n\t\t\t\n\t\t<div id=\"ld-fancy-heading-69eae533a1f24\" class=\"ld-fancy-heading pos-rel\">\n\t\t\t<h1 class=\"ld-fh-element d-inline-block pos-rel  elementor-heading-title lqd-highlight-classic lqd-highlight-grow-left h1\"  > About Us<\/h1>\t\t<\/div>\n\n\t\t\t\t<\/div>\n\t\t\t\t<\/div>\n\t\t\t\t\t<\/div>\n\t\t<\/div>\n\t\t\t\t\t<\/div>\n\t\t<\/section>\n\t\t\t\t<section class=\"elementor-section elementor-top-section elementor-element elementor-element-20f2d16d elementor-section-content-middle elementor-reverse-mobile elementor-section-boxed elementor-section-height-default elementor-section-height-default\" data-id=\"20f2d16d\" data-element_type=\"section\">\n\t\t\t\t\t\t<div class=\"elementor-container elementor-column-gap-extended\">\n\t\t\t\t\t<div class=\"elementor-column elementor-col-50 elementor-top-column elementor-element elementor-element-1fa6ab82\" data-id=\"1fa6ab82\" data-element_type=\"column\">\n\t\t\t<div class=\"elementor-widget-wrap elementor-element-populated\">\n\t\t\t\t\t\t<div class=\"elementor-element elementor-element-355a9c2f elementor-widget elementor-widget-hub_fancy_heading\" data-id=\"355a9c2f\" data-element_type=\"widget\" data-widget_type=\"hub_fancy_heading.default\">\n\t\t\t\t<div class=\"elementor-widget-container\">\n\t\t\t\n\t\t<div id=\"ld-fancy-heading-69eae533a3108\" class=\"ld-fancy-heading pos-rel\">\n\t\t\t<h2 class=\"ld-fh-element d-inline-block pos-rel  elementor-heading-title lqd-highlight-classic lqd-highlight-grow-left h2\"  > The Passaporte<\/h2>\t\t<\/div>\n\n\t\t\t\t<\/div>\n\t\t\t\t<\/div>\n\t\t\t\t<div class=\"elementor-element elementor-element-e31e8a7 elementor-widget elementor-widget-hub_fancy_heading\" data-id=\"e31e8a7\" data-element_type=\"widget\" data-widget_type=\"hub_fancy_heading.default\">\n\t\t\t\t<div class=\"elementor-widget-container\">\n\t\t\t\n\t\t<div id=\"ld-fancy-heading-69eae533a3743\" class=\"ld-fancy-heading pos-rel\">\n\t\t\t<p class=\"ld-fh-element d-inline-block pos-rel  lqd-highlight-classic lqd-highlight-grow-left p\"  > Passaporte is a project conceived and developed by Patr\u00edcia Vasconcelos, to promote the talent and professionalization of Portuguese actors across borders. Since its first edition, in 2016, Passaporte has been establishing a prominent space in placing actors in international productions. <\/p>\t\t<\/div>\n\n\t\t\t\t<\/div>\n\t\t\t\t<\/div>\n\t\t\t\t<div class=\"elementor-element elementor-element-1bf9b11 elementor-widget elementor-widget-hub_fancy_heading\" data-id=\"1bf9b11\" data-element_type=\"widget\" data-widget_type=\"hub_fancy_heading.default\">\n\t\t\t\t<div class=\"elementor-widget-container\">\n\t\t\t\n\t\t<div id=\"ld-fancy-heading-69eae533a3d62\" class=\"ld-fancy-heading pos-rel\">\n\t\t\t<p class=\"ld-fh-element d-inline-block pos-rel  lqd-highlight-classic lqd-highlight-grow-left p\"  > In this unique event in Portugal, we organize several activities between actors and casting directors, with the aim to fulfill the necessary network to open doors to our actors. <\/p>\t\t<\/div>\n\n\t\t\t\t<\/div>\n\t\t\t\t<\/div>\n\t\t\t\t<div class=\"elementor-element elementor-element-a576e0f elementor-widget elementor-widget-hub_fancy_heading\" data-id=\"a576e0f\" data-element_type=\"widget\" data-widget_type=\"hub_fancy_heading.default\">\n\t\t\t\t<div class=\"elementor-widget-container\">\n\t\t\t\n\t\t<div id=\"ld-fancy-heading-69eae533a4358\" class=\"ld-fancy-heading pos-rel\">\n\t\t\t<p class=\"ld-fh-element d-inline-block pos-rel  lqd-highlight-classic lqd-highlight-grow-left p\"  > Any professional actor* can apply to participate, under the mandatory requirements in accordance with the Regulation in force for each edition.<\/p>\t\t<\/div>\n\n\t\t\t\t<\/div>\n\t\t\t\t<\/div>\n\t\t\t\t<div class=\"elementor-element elementor-element-5f3c6a0 elementor-widget elementor-widget-hub_fancy_heading\" data-id=\"5f3c6a0\" data-element_type=\"widget\" data-widget_type=\"hub_fancy_heading.default\">\n\t\t\t\t<div class=\"elementor-widget-container\">\n\t\t\t\n\t\t<div id=\"ld-fancy-heading-69eae533a4965\" class=\"ld-fancy-heading pos-rel\">\n\t\t\t<p class=\"ld-fh-element d-inline-block pos-rel  lqd-highlight-classic lqd-highlight-grow-left p\"  > The selected actors will be part of a full programme of activities with the casting directors. Passaporte\u2019s programme also includes a wide schedule of workshops open to the public*. <\/p>\t\t<\/div>\n\n\t\t\t\t<\/div>\n\t\t\t\t<\/div>\n\t\t\t\t<div class=\"elementor-element elementor-element-4cd0281 elementor-widget elementor-widget-hub_fancy_heading\" data-id=\"4cd0281\" data-element_type=\"widget\" data-widget_type=\"hub_fancy_heading.default\">\n\t\t\t\t<div class=\"elementor-widget-container\">\n\t\t\t\n\t\t<div id=\"ld-fancy-heading-69eae533a4f4c\" class=\"ld-fancy-heading pos-rel\">\n\t\t\t<p class=\"ld-fh-element d-inline-block pos-rel  lqd-highlight-classic lqd-highlight-grow-left p\"  > *any type of participation in the event, requires the membership of the Portuguese Academy of Cinema<\/p>\t\t<\/div>\n\n\t\t\t\t<\/div>\n\t\t\t\t<\/div>\n\t\t\t\t\t<\/div>\n\t\t<\/div>\n\t\t\t\t<div class=\"elementor-column elementor-col-50 elementor-top-column elementor-element elementor-element-7478fec0\" data-id=\"7478fec0\" data-element_type=\"column\">\n\t\t\t<div class=\"elementor-widget-wrap elementor-element-populated\">\n\t\t\t\t\t\t<div class=\"elementor-element elementor-element-1e131c61 elementor-widget__width-auto elementor-absolute elementor-widget elementor-widget-image\" data-id=\"1e131c61\" data-element_type=\"widget\" data-settings=\"{&quot;_position&quot;:&quot;absolute&quot;}\" data-widget_type=\"image.default\">\n\t\t\t\t<div class=\"elementor-widget-container\">\n\t\t\t\t\t\t\t\t\t\t\t\t\t<img decoding=\"async\" width=\"75\" height=\"75\" src=\"https:\/\/passaportelisboa.com\/wp-content\/uploads\/2023\/02\/shape-1.svg\" class=\"attachment-full size-full wp-image-1951\" alt=\"\" \/>\t\t\t\t\t\t\t\t\t\t\t\t\t<\/div>\n\t\t\t\t<\/div>\n\t\t\t\t<div class=\"elementor-element elementor-element-3262506a elementor-widget__width-auto elementor-absolute elementor-widget elementor-widget-image\" data-id=\"3262506a\" data-element_type=\"widget\" data-settings=\"{&quot;_position&quot;:&quot;absolute&quot;}\" data-widget_type=\"image.default\">\n\t\t\t\t<div class=\"elementor-widget-container\">\n\t\t\t\t\t\t\t\t\t\t\t\t\t<img fetchpriority=\"high\" decoding=\"async\" width=\"309\" height=\"321\" src=\"https:\/\/passaportelisboa.com\/wp-content\/uploads\/2023\/02\/shape-2.svg\" class=\"attachment-full size-full wp-image-1952\" alt=\"\" \/>\t\t\t\t\t\t\t\t\t\t\t\t\t<\/div>\n\t\t\t\t<\/div>\n\t\t\t\t<div class=\"elementor-element elementor-element-1511c46c elementor-widget elementor-widget-ld_fancy_image\" data-id=\"1511c46c\" data-element_type=\"widget\" data-widget_type=\"ld_fancy_image.default\">\n\t\t\t\t<div class=\"elementor-widget-container\">\n\t\t\t\n\t\t<div class=\"lqd-imggrp-single d-block pos-rel perspective\" data-hover3d=\"true\">\n\t\t\t<div class=\"lqd-imggrp-img-container d-inline-flex pos-rel align-items-center justify-content-center transform-style-3d\">\n\t\t\t\t\t\t\t\t<figure class=\"w-100 pos-rel\" data-stacking-factor=\"1\">\n\t\t\t\t\t<img decoding=\"async\" width=\"1333\" height=\"2000\" src=\"data:image\/svg+xml;charset=utf-8,%3Csvg xmlns%3D&#039;http%3A%2F%2Fwww.w3.org%2F2000%2Fsvg&#039; viewBox%3D&#039;0 0 1333 2000&#039;%2F%3E\" class=\"attachment-full size-full wp-image-1996 ld-lazyload\" alt=\"\" itemprop=\"image\" data-src=\"https:\/\/passaportelisboa.com\/wp-content\/uploads\/2023\/03\/passaport-1_151.jpg\" data-srcset=\"https:\/\/passaportelisboa.com\/wp-content\/uploads\/2023\/03\/passaport-1_151.jpg 1333w, https:\/\/passaportelisboa.com\/wp-content\/uploads\/2023\/03\/passaport-1_151-200x300.jpg 200w, https:\/\/passaportelisboa.com\/wp-content\/uploads\/2023\/03\/passaport-1_151-682x1024.jpg 682w, https:\/\/passaportelisboa.com\/wp-content\/uploads\/2023\/03\/passaport-1_151-1024x1536.jpg 1024w, https:\/\/passaportelisboa.com\/wp-content\/uploads\/2023\/03\/passaport-1_151-8x12.jpg 8w\" data-sizes=\"(max-width: 1333px) 100vw, 1333px\" data-aspect=\"0.6665\" \/>\t\t\t\t\t\t\t\t\t\t\t\t\t\t\t\t\t\t\t\t\t\t\t\t\t\t\t\t\t<\/figure>\n\t\t\t<\/div>\n\t\t<\/div>\n\n\t\t\t<\/div>\n\t\t\t\t<\/div>\n\t\t\t\t<div class=\"elementor-element elementor-element-6875c741 elementor-widget__width-auto elementor-widget elementor-widget-hub_fancy_heading\" data-id=\"6875c741\" data-element_type=\"widget\" data-widget_type=\"hub_fancy_heading.default\">\n\t\t\t\t<div class=\"elementor-widget-container\">\n\t\t\t\n\t\t<div id=\"ld-fancy-heading-69eae533c6b44\" class=\"ld-fancy-heading pos-rel\">\n\t\t\t<h6 class=\"ld-fh-element d-inline-block pos-rel  elementor-heading-title lqd-highlight-classic lqd-highlight-grow-left h6\"  > Sofia Avelar and Patr\u00edcia Vasconcelos<\/h6>\t\t<\/div>\n\n\t\t\t\t<\/div>\n\t\t\t\t<\/div>\n\t\t\t\t\t<\/div>\n\t\t<\/div>\n\t\t\t\t\t<\/div>\n\t\t<\/section>\n\t\t\t\t<section class=\"elementor-section elementor-top-section elementor-element elementor-element-48d00fa5 elementor-section-boxed elementor-section-height-default elementor-section-height-default\" data-id=\"48d00fa5\" data-element_type=\"section\" data-settings=\"{&quot;background_background&quot;:&quot;classic&quot;}\">\n\t\t\t\t\t\t<div class=\"elementor-container elementor-column-gap-default\">\n\t\t\t\t\t<div class=\"elementor-column elementor-col-33 elementor-top-column elementor-element elementor-element-7455a7d5\" data-id=\"7455a7d5\" data-element_type=\"column\">\n\t\t\t<div class=\"elementor-widget-wrap elementor-element-populated\">\n\t\t\t\t\t\t<div class=\"elementor-element elementor-element-1a51d8e8 elementor-align-center elementor-widget elementor-widget-ld_counter\" data-id=\"1a51d8e8\" data-element_type=\"widget\" data-widget_type=\"ld_counter.default\">\n\t\t\t\t<div class=\"elementor-widget-container\">\n\t\t\t\n\t\t<div id=\"lqd-counter-1a51d8e8\" class=\"lqd-counter pos-rel center lqd-counter-default\">\n\n\t\t\t\n\t\t\t<div class=\"lqd-counter-element pos-rel\" data-enable-counter=\"true\" data-counter-options=\"{&quot;targetNumber&quot;:&quot;650&quot;}\">\n\t\t\t\t<span class=\"d-block\">650<\/span>\t\t\t<\/div>\n\n\t\t\t<span class=\"lqd-counter-text\">Participants<\/span>\n\t\t<\/div>\n\n\t\t\t\t<\/div>\n\t\t\t\t<\/div>\n\t\t\t\t\t<\/div>\n\t\t<\/div>\n\t\t\t\t<div class=\"elementor-column elementor-col-33 elementor-top-column elementor-element elementor-element-44f309cd\" data-id=\"44f309cd\" data-element_type=\"column\">\n\t\t\t<div class=\"elementor-widget-wrap elementor-element-populated\">\n\t\t\t\t\t\t<div class=\"elementor-element elementor-element-1386e086 elementor-align-center elementor-widget elementor-widget-ld_counter\" data-id=\"1386e086\" data-element_type=\"widget\" data-widget_type=\"ld_counter.default\">\n\t\t\t\t<div class=\"elementor-widget-container\">\n\t\t\t\n\t\t<div id=\"lqd-counter-1386e086\" class=\"lqd-counter pos-rel center lqd-counter-default\">\n\n\t\t\t\n\t\t\t<div class=\"lqd-counter-element pos-rel\" data-enable-counter=\"true\" data-counter-options=\"{&quot;targetNumber&quot;:&quot;9&quot;}\">\n\t\t\t\t<span class=\"d-block\">9<\/span>\t\t\t<\/div>\n\n\t\t\t<span class=\"lqd-counter-text\">Editions<\/span>\n\t\t<\/div>\n\n\t\t\t\t<\/div>\n\t\t\t\t<\/div>\n\t\t\t\t\t<\/div>\n\t\t<\/div>\n\t\t\t\t<div class=\"elementor-column elementor-col-33 elementor-top-column elementor-element elementor-element-64124353\" data-id=\"64124353\" data-element_type=\"column\">\n\t\t\t<div class=\"elementor-widget-wrap elementor-element-populated\">\n\t\t\t\t\t\t<div class=\"elementor-element elementor-element-56a757da elementor-align-center elementor-widget elementor-widget-ld_counter\" data-id=\"56a757da\" data-element_type=\"widget\" data-widget_type=\"ld_counter.default\">\n\t\t\t\t<div class=\"elementor-widget-container\">\n\t\t\t\n\t\t<div id=\"lqd-counter-56a757da\" class=\"lqd-counter pos-rel center lqd-counter-default\">\n\n\t\t\t\n\t\t\t<div class=\"lqd-counter-element pos-rel\" data-enable-counter=\"true\" data-counter-options=\"{&quot;targetNumber&quot;:&quot;50&quot;}\">\n\t\t\t\t<span class=\"d-block\">50<\/span>\t\t\t<\/div>\n\n\t\t\t<span class=\"lqd-counter-text\">Casting Directors<\/span>\n\t\t<\/div>\n\n\t\t\t\t<\/div>\n\t\t\t\t<\/div>\n\t\t\t\t\t<\/div>\n\t\t<\/div>\n\t\t\t\t\t<\/div>\n\t\t<\/section>\n\t\t<div class=\"elementor-element elementor-element-cba8088 e-flex e-con-boxed e-con e-parent\" data-id=\"cba8088\" data-element_type=\"container\">\n\t\t\t\t\t<div class=\"e-con-inner\">\n\t\t<div class=\"elementor-element elementor-element-5957ebb4 e-con-full e-flex e-con e-child\" data-id=\"5957ebb4\" data-element_type=\"container\">\n\t\t<div class=\"elementor-element elementor-element-2e5590b e-con-full e-flex e-con e-child\" data-id=\"2e5590b\" data-element_type=\"container\" data-settings=\"{&quot;background_background&quot;:&quot;classic&quot;}\">\n\t\t<div class=\"elementor-element elementor-element-0df77b5 e-con-full e-flex e-con e-child\" data-id=\"0df77b5\" data-element_type=\"container\">\n\t\t\t\t<div class=\"elementor-element elementor-element-f84acdb elementor-widget elementor-widget-hub_fancy_heading\" data-id=\"f84acdb\" data-element_type=\"widget\" data-widget_type=\"hub_fancy_heading.default\">\n\t\t\t\t<div class=\"elementor-widget-container\">\n\t\t\t\n\t\t<div id=\"ld-fancy-heading-69eae533cd353\" class=\"ld-fancy-heading pos-rel\">\n\t\t\t<h2 class=\"ld-fh-element d-inline-block pos-rel  elementor-heading-title lqd-highlight-classic lqd-highlight-grow-left h2\"  > Veja as edi\u00e7\u00f5es anteriores do Passaporte<\/h2>\t\t<\/div>\n\n\t\t\t\t<\/div>\n\t\t\t\t<\/div>\n\t\t\t\t<div class=\"elementor-element elementor-element-d24f264 elementor-widget elementor-widget-hub_fancy_heading\" data-id=\"d24f264\" data-element_type=\"widget\" data-widget_type=\"hub_fancy_heading.default\">\n\t\t\t\t<div class=\"elementor-widget-container\">\n\t\t\t\n\t\t<div id=\"ld-fancy-heading-69eae533cd99e\" class=\"ld-fancy-heading pos-rel\">\n\t\t\t<p class=\"ld-fh-element d-inline-block pos-rel  lqd-highlight-classic lqd-highlight-grow-left p\"  > Since 2016, Passaporte has directly led our actors to integrate into international productions.\n<\/p>\t\t<\/div>\n\n\t\t\t\t<\/div>\n\t\t\t\t<\/div>\n\t\t\t\t<\/div>\n\t\t<div class=\"elementor-element elementor-element-008db45 e-con-full e-flex e-con e-child\" data-id=\"008db45\" data-element_type=\"container\">\n\t\t\t\t<div class=\"elementor-element elementor-element-352a73c elementor-align-right elementor-mobile-align-center elementor-widget elementor-widget-ld_button\" data-id=\"352a73c\" data-element_type=\"widget\" data-widget_type=\"ld_button.default\">\n\t\t\t\t<div class=\"elementor-widget-container\">\n\t\t\t\n\t\t\t<a\n\t\t\t\thref=\"\/en\/previous-editions\/\"class=\"elementor-button btn btn-solid btn-hover-txt-switch btn-hover-txt-switch-y btn-lg btn-icon-shaped btn-has-label\"\t\t\t>\n\t\t\t\t\t\t\t\t\t<span data-text=\"Ver edi\u00e7\u00f5es anteriores\" class=\"btn-txt\" data-transition-delay=\"true\" data-delay-options=\"{&quot;elements&quot;: &quot;.lqd-chars&quot;, &quot;delayType&quot;: &quot;animation&quot;, &quot;startDelay&quot;: 0, &quot;delayBetween&quot;: 32.5}\" data-split-text=\"true\" data-split-options=\"{&quot;type&quot;: &quot;chars, words&quot;}\">\n\t\t\t\t\t\tVer edi\u00e7\u00f5es anteriores\t\t\t\t\t<\/span>\n\t\t\t\t\t\t\t\t\t\t\t<\/a>\n\t\t\t\t\t<\/div>\n\t\t\t\t<\/div>\n\t\t\t\t<\/div>\n\t\t\t\t<\/div>\n\t\t\t\t<\/div>\n\t\t\t\t\t<\/div>\n\t\t\t\t<\/div>\n\t\t\t\t<\/div>","protected":false},"excerpt":{"rendered":"<p>Sobre n\u00f3s O Passaporte Passaporte \u00e9 um projecto idealizado e desenvolvido por Patr\u00edcia Vasconcelos, que pretende promover o talento e a profissionaliza\u00e7\u00e3o dos actores portugueses al\u00e9m fronteiras. Desde a sua primeira edi\u00e7\u00e3o, em 2016, o Passaporte tem vindo a estabelecer um lugar de destaque no \u00e2mbito da internacionaliza\u00e7\u00e3o dos actores nacionais. Neste evento \u00fanico em [&hellip;]<\/p>","protected":false},"author":1,"featured_media":0,"parent":0,"menu_order":14,"comment_status":"closed","ping_status":"closed","template":"","meta":{"_acf_changed":false,"footnotes":""},"class_list":["post-1968","page","type-page","status-publish","hentry"],"acf":[],"_links":{"self":[{"href":"https:\/\/passaportelisboa.com\/en\/wp-json\/wp\/v2\/pages\/1968"}],"collection":[{"href":"https:\/\/passaportelisboa.com\/en\/wp-json\/wp\/v2\/pages"}],"about":[{"href":"https:\/\/passaportelisboa.com\/en\/wp-json\/wp\/v2\/types\/page"}],"author":[{"embeddable":true,"href":"https:\/\/passaportelisboa.com\/en\/wp-json\/wp\/v2\/users\/1"}],"replies":[{"embeddable":true,"href":"https:\/\/passaportelisboa.com\/en\/wp-json\/wp\/v2\/comments?post=1968"}],"version-history":[{"count":8,"href":"https:\/\/passaportelisboa.com\/en\/wp-json\/wp\/v2\/pages\/1968\/revisions"}],"predecessor-version":[{"id":8200,"href":"https:\/\/passaportelisboa.com\/en\/wp-json\/wp\/v2\/pages\/1968\/revisions\/8200"}],"wp:attachment":[{"href":"https:\/\/passaportelisboa.com\/en\/wp-json\/wp\/v2\/media?parent=1968"}],"curies":[{"name":"wp","href":"https:\/\/api.w.org\/{rel}","templated":true}]}}